{"id":15,"date":"2021-11-21T15:14:41","date_gmt":"2021-11-21T15:14:41","guid":{"rendered":"http:\/\/atelier349.com\/?page_id=15"},"modified":"2023-03-28T11:00:04","modified_gmt":"2023-03-28T11:00:04","slug":"services","status":"publish","type":"page","link":"https:\/\/atelier349.com\/?page_id=15","title":{"rendered":"Parcours"},"content":{"rendered":"\t\t<div data-elementor-type=\"wp-page\" data-elementor-id=\"15\" class=\"elementor elementor-15\" data-elementor-settings=\"[]\">\n\t\t\t\t\t\t\t<div class=\"elementor-section-wrap\">\n\t\t\t\t\t\t\t<section class=\"elementor-section elementor-top-section elementor-element elementor-element-a92bf94 elementor-section-boxed elementor-section-height-default elementor-section-height-default\" data-id=\"a92bf94\" data-element_type=\"section\">\n\t\t\t\t\t\t<div class=\"elementor-container elementor-column-gap-default\">\n\t\t\t\t\t<div class=\"elementor-column elementor-col-50 elementor-top-column elementor-element elementor-element-f485586\" data-id=\"f485586\" data-element_type=\"column\">\n\t\t\t<div class=\"elementor-widget-wrap elementor-element-populated\">\n\t\t\t\t\t\t\t\t<div class=\"elementor-element elementor-element-b5d284b elementor-widget elementor-widget-image\" data-id=\"b5d284b\" data-element_type=\"widget\" data-widget_type=\"image.default\">\n\t\t\t\t<div class=\"elementor-widget-container\">\n\t\t\t<style>\/*! elementor - v3.5.3 - 28-12-2021 *\/\n.elementor-widget-image{text-align:center}.elementor-widget-image a{display:inline-block}.elementor-widget-image a img[src$=\".svg\"]{width:48px}.elementor-widget-image img{vertical-align:middle;display:inline-block}<\/style>\t\t\t\t\t\t\t\t\t\t\t\t<img loading=\"lazy\" decoding=\"async\" width=\"1058\" height=\"1052\" src=\"https:\/\/atelier349.com\/wp-content\/uploads\/2022\/04\/ATELIER-349-photo-cv.jpg\" class=\"attachment-full size-full\" alt=\"\" srcset=\"https:\/\/atelier349.com\/wp-content\/uploads\/2022\/04\/ATELIER-349-photo-cv.jpg 1058w, https:\/\/atelier349.com\/wp-content\/uploads\/2022\/04\/ATELIER-349-photo-cv-300x298.jpg 300w, https:\/\/atelier349.com\/wp-content\/uploads\/2022\/04\/ATELIER-349-photo-cv-1024x1018.jpg 1024w, https:\/\/atelier349.com\/wp-content\/uploads\/2022\/04\/ATELIER-349-photo-cv-150x150.jpg 150w, https:\/\/atelier349.com\/wp-content\/uploads\/2022\/04\/ATELIER-349-photo-cv-768x764.jpg 768w\" sizes=\"auto, (max-width: 1058px) 100vw, 1058px\" \/>\t\t\t\t\t\t\t\t\t\t\t\t\t\t\t<\/div>\n\t\t\t\t<\/div>\n\t\t\t\t\t<\/div>\n\t\t<\/div>\n\t\t\t\t<div class=\"elementor-column elementor-col-50 elementor-top-column elementor-element elementor-element-7d00c84\" data-id=\"7d00c84\" data-element_type=\"column\">\n\t\t\t<div class=\"elementor-widget-wrap elementor-element-populated\">\n\t\t\t\t\t\t\t\t<div class=\"elementor-element elementor-element-8ce1b85 elementor-widget elementor-widget-heading\" data-id=\"8ce1b85\" data-element_type=\"widget\" data-widget_type=\"heading.default\">\n\t\t\t\t<div class=\"elementor-widget-container\">\n\t\t\t<style>\/*! elementor - v3.5.3 - 28-12-2021 *\/\n.elementor-heading-title{padding:0;margin:0;line-height:1}.elementor-widget-heading .elementor-heading-title[class*=elementor-size-]>a{color:inherit;font-size:inherit;line-height:inherit}.elementor-widget-heading .elementor-heading-title.elementor-size-small{font-size:15px}.elementor-widget-heading .elementor-heading-title.elementor-size-medium{font-size:19px}.elementor-widget-heading .elementor-heading-title.elementor-size-large{font-size:29px}.elementor-widget-heading .elementor-heading-title.elementor-size-xl{font-size:39px}.elementor-widget-heading .elementor-heading-title.elementor-size-xxl{font-size:59px}<\/style><h4 class=\"elementor-heading-title elementor-size-default\">Mon parcours<\/h4>\t\t<\/div>\n\t\t\t\t<\/div>\n\t\t\t\t<div class=\"elementor-element elementor-element-c31e03f elementor-widget elementor-widget-text-editor\" data-id=\"c31e03f\" data-element_type=\"widget\" data-widget_type=\"text-editor.default\">\n\t\t\t\t<div class=\"elementor-widget-container\">\n\t\t\t<style>\/*! elementor - v3.5.3 - 28-12-2021 *\/\n.elementor-widget-text-editor.elementor-drop-cap-view-stacked .elementor-drop-cap{background-color:#818a91;color:#fff}.elementor-widget-text-editor.elementor-drop-cap-view-framed .elementor-drop-cap{color:#818a91;border:3px solid;background-color:transparent}.elementor-widget-text-editor:not(.elementor-drop-cap-view-default) .elementor-drop-cap{margin-top:8px}.elementor-widget-text-editor:not(.elementor-drop-cap-view-default) .elementor-drop-cap-letter{width:1em;height:1em}.elementor-widget-text-editor .elementor-drop-cap{float:left;text-align:center;line-height:1;font-size:50px}.elementor-widget-text-editor .elementor-drop-cap-letter{display:inline-block}<\/style>\t\t\t\t<p>Architecte d.p.l.g. form\u00e9e \u00e0 l&#8217;Ecole d&#8217;Architecture de Lyon, j&#8217;ai \u00e9t\u00e9&nbsp; dipl\u00f4m\u00e9e en 2005. J&#8217;ai d\u00e9velopp\u00e9 depuis, d&#8217;importants projets de logements ou d\u2019\u00e9quipements publics.<\/p>\n<p>(<span style=\"background-color: var(--ast-global-color-5); color: var(--ast-global-color-3);\">d\u00e9molition,&nbsp;<\/span><span style=\"font-style: inherit; font-weight: inherit; background-color: var(--ast-global-color-5); color: var(--ast-global-color-3);\">neuf,&nbsp;<\/span><span style=\"background-color: var(--ast-global-color-5); color: var(--ast-global-color-3);\">extension<\/span><span style=\"background-color: var(--ast-global-color-5); color: var(--ast-global-color-3); font-style: inherit; font-weight: inherit;\">, r\u00e9habilitation lourde ou l\u00e9g\u00e8re).<\/span><\/p>\n<p>Mon engagement s\u2019inscrit dans une d\u00e9marche environnementale soucieuse de concevoir des b\u00e2timents \u00e0 faible empreinte \u00e9nerg\u00e9tique.<\/p>\n<p>Certaines r\u00e9alisations ont obtenu des prix. Parmi ces op\u00e9rations, une a obtenu le prix r\u00e9gional de la construction bois et deux le prix national.<\/p>\t\t\t\t\t\t<\/div>\n\t\t\t\t<\/div>\n\t\t\t\t\t<\/div>\n\t\t<\/div>\n\t\t\t\t\t\t\t<\/div>\n\t\t<\/section>\n\t\t\t\t<section class=\"elementor-section elementor-top-section elementor-element elementor-element-81b0575 elementor-section-boxed elementor-section-height-default elementor-section-height-default\" data-id=\"81b0575\" data-element_type=\"section\">\n\t\t\t\t\t\t<div class=\"elementor-container elementor-column-gap-default\">\n\t\t\t\t\t<div class=\"elementor-column elementor-col-50 elementor-top-column elementor-element elementor-element-15cfb90\" data-id=\"15cfb90\" data-element_type=\"column\">\n\t\t\t<div class=\"elementor-widget-wrap elementor-element-populated\">\n\t\t\t\t\t\t\t\t<div class=\"elementor-element elementor-element-a26d886 elementor-widget elementor-widget-image\" data-id=\"a26d886\" data-element_type=\"widget\" data-widget_type=\"image.default\">\n\t\t\t\t<div class=\"elementor-widget-container\">\n\t\t\t\t\t\t\t\t\t\t\t\t\t\t\t<img loading=\"lazy\" decoding=\"async\" width=\"827\" height=\"1535\" src=\"https:\/\/atelier349.com\/wp-content\/uploads\/2022\/04\/logos-agences.jpg\" class=\"attachment-full size-full\" alt=\"\" srcset=\"https:\/\/atelier349.com\/wp-content\/uploads\/2022\/04\/logos-agences.jpg 827w, https:\/\/atelier349.com\/wp-content\/uploads\/2022\/04\/logos-agences-162x300.jpg 162w, https:\/\/atelier349.com\/wp-content\/uploads\/2022\/04\/logos-agences-552x1024.jpg 552w, https:\/\/atelier349.com\/wp-content\/uploads\/2022\/04\/logos-agences-768x1425.jpg 768w\" sizes=\"auto, (max-width: 827px) 100vw, 827px\" \/>\t\t\t\t\t\t\t\t\t\t\t\t\t\t\t<\/div>\n\t\t\t\t<\/div>\n\t\t\t\t\t<\/div>\n\t\t<\/div>\n\t\t\t\t<div class=\"elementor-column elementor-col-50 elementor-top-column elementor-element elementor-element-97c09ce\" data-id=\"97c09ce\" data-element_type=\"column\">\n\t\t\t<div class=\"elementor-widget-wrap elementor-element-populated\">\n\t\t\t\t\t\t\t\t<div class=\"elementor-element elementor-element-cfc6530 elementor-widget elementor-widget-heading\" data-id=\"cfc6530\" data-element_type=\"widget\" data-widget_type=\"heading.default\">\n\t\t\t\t<div class=\"elementor-widget-container\">\n\t\t\t<h4 class=\"elementor-heading-title elementor-size-default\">Les agences<\/h4>\t\t<\/div>\n\t\t\t\t<\/div>\n\t\t\t\t<div class=\"elementor-element elementor-element-f06fcd5 elementor-widget elementor-widget-text-editor\" data-id=\"f06fcd5\" data-element_type=\"widget\" data-widget_type=\"text-editor.default\">\n\t\t\t\t<div class=\"elementor-widget-container\">\n\t\t\t\t\t\t\t<p>J\u2019ai travaill\u00e9 pendant 15 ans pour l\u2019agence <strong>TEKHN\u00ca Architectes et Urbanistes<\/strong> o\u00f9 j\u2019ai pu d\u00e9velopper\u00a0<span style=\"background-color: var(--ast-global-color-5); color: var(--ast-global-color-3);\">diff\u00e9rents\u00a0<\/span><span style=\"background-color: var(--ast-global-color-5); color: var(--ast-global-color-3);\">projets, de la\u00a0<\/span><span style=\"background-color: var(--ast-global-color-5); color: var(--ast-global-color-3);\">conception<\/span><span style=\"background-color: var(--ast-global-color-5); color: var(--ast-global-color-3);\">\u00a0\u00e0 la r\u00e9alisation. J&#8217;ai suivi quelques op\u00e9rations de logements collectifs ; et de nombreux\u00a0<\/span><span style=\"background-color: var(--ast-global-color-5); color: var(--ast-global-color-3);\">\u00e9quipements publics<\/span><span style=\"background-color: var(--ast-global-color-5); color: var(--ast-global-color-3);\">\u00a0tels que des gymnases ou des groupes scolaires.<\/span><\/p><p><span style=\"background-color: var(--ast-global-color-5); color: var(--ast-global-color-3);\">Afin de diversifier et d&#8217;enrichir mon exp\u00e9rience, je suis, par la suite, all\u00e9e rejoindre\u00a0<\/span><span style=\"color: var(--ast-global-color-3); font-style: inherit; font-weight: inherit; background-color: var(--ast-global-color-5);\">l\u2019<\/span><span style=\"color: var(--ast-global-color-3); font-style: inherit; font-weight: bold; background-color: var(--ast-global-color-5);\">atelier R\u00e9gis Gachon\u00a0<\/span><\/p><p>afin de d\u00e9velopper d&#8217;avantage de projets de logements.<\/p><p><span style=\"font-style: inherit; font-weight: inherit; color: var(--ast-global-color-3); background-color: var(--ast-global-color-5);\">Derni\u00e8rement j&#8217;avais rejoint l&#8217;\u00e9quipe d&#8217;<\/span><strong style=\"font-style: inherit; color: var(--ast-global-color-3); background-color: var(--ast-global-color-5);\">AER Architectes<\/strong><span style=\"font-style: inherit; font-weight: inherit; color: var(--ast-global-color-3); background-color: var(--ast-global-color-5);\"> \u00e0 Annecy qui souhaitait ouvrir une antenne sur Lyon.<\/span><\/p>\t\t\t\t\t\t<\/div>\n\t\t\t\t<\/div>\n\t\t\t\t\t<\/div>\n\t\t<\/div>\n\t\t\t\t\t\t\t<\/div>\n\t\t<\/section>\n\t\t\t\t<section class=\"elementor-section elementor-top-section elementor-element elementor-element-b6186b4 elementor-section-boxed elementor-section-height-default elementor-section-height-default\" data-id=\"b6186b4\" data-element_type=\"section\" data-settings=\"{&quot;background_background&quot;:&quot;classic&quot;}\">\n\t\t\t\t\t\t<div class=\"elementor-container elementor-column-gap-default\">\n\t\t\t\t\t<div class=\"elementor-column elementor-col-50 elementor-top-column elementor-element elementor-element-82668e3\" data-id=\"82668e3\" data-element_type=\"column\">\n\t\t\t<div class=\"elementor-widget-wrap elementor-element-populated\">\n\t\t\t\t\t\t\t\t<div class=\"elementor-element elementor-element-e67eb00 elementor-widget elementor-widget-image\" data-id=\"e67eb00\" data-element_type=\"widget\" data-widget_type=\"image.default\">\n\t\t\t\t<div class=\"elementor-widget-container\">\n\t\t\t\t\t\t\t\t\t\t\t\t\t\t\t<img loading=\"lazy\" decoding=\"async\" width=\"1876\" height=\"1876\" src=\"https:\/\/atelier349.com\/wp-content\/uploads\/2022\/04\/logos-pictos-cadre.jpg\" class=\"attachment-full size-full\" alt=\"\" srcset=\"https:\/\/atelier349.com\/wp-content\/uploads\/2022\/04\/logos-pictos-cadre.jpg 1876w, https:\/\/atelier349.com\/wp-content\/uploads\/2022\/04\/logos-pictos-cadre-300x300.jpg 300w, https:\/\/atelier349.com\/wp-content\/uploads\/2022\/04\/logos-pictos-cadre-1024x1024.jpg 1024w, https:\/\/atelier349.com\/wp-content\/uploads\/2022\/04\/logos-pictos-cadre-150x150.jpg 150w, https:\/\/atelier349.com\/wp-content\/uploads\/2022\/04\/logos-pictos-cadre-768x768.jpg 768w, https:\/\/atelier349.com\/wp-content\/uploads\/2022\/04\/logos-pictos-cadre-1536x1536.jpg 1536w\" sizes=\"auto, (max-width: 1876px) 100vw, 1876px\" \/>\t\t\t\t\t\t\t\t\t\t\t\t\t\t\t<\/div>\n\t\t\t\t<\/div>\n\t\t\t\t\t<\/div>\n\t\t<\/div>\n\t\t\t\t<div class=\"elementor-column elementor-col-50 elementor-top-column elementor-element elementor-element-a1b4c52\" data-id=\"a1b4c52\" data-element_type=\"column\">\n\t\t\t<div class=\"elementor-widget-wrap elementor-element-populated\">\n\t\t\t\t\t\t\t\t<section class=\"elementor-section elementor-inner-section elementor-element elementor-element-1f13d7e elementor-hidden-tablet elementor-hidden-mobile elementor-section-content-middle elementor-section-boxed elementor-section-height-default elementor-section-height-default\" data-id=\"1f13d7e\" data-element_type=\"section\">\n\t\t\t\t\t\t<div class=\"elementor-container elementor-column-gap-default\">\n\t\t\t\t\t<div class=\"elementor-column elementor-col-50 elementor-inner-column elementor-element elementor-element-a96cd8e\" data-id=\"a96cd8e\" data-element_type=\"column\">\n\t\t\t<div class=\"elementor-widget-wrap\">\n\t\t\t\t\t\t\t\t\t<\/div>\n\t\t<\/div>\n\t\t\t\t<div class=\"elementor-column elementor-col-50 elementor-inner-column elementor-element elementor-element-e6d804a\" data-id=\"e6d804a\" data-element_type=\"column\">\n\t\t\t<div class=\"elementor-widget-wrap\">\n\t\t\t\t\t\t\t\t\t<\/div>\n\t\t<\/div>\n\t\t\t\t\t\t\t<\/div>\n\t\t<\/section>\n\t\t\t\t<section class=\"elementor-section elementor-inner-section elementor-element elementor-element-65ca53d elementor-section-content-middle elementor-hidden-tablet elementor-hidden-mobile elementor-section-boxed elementor-section-height-default elementor-section-height-default\" data-id=\"65ca53d\" data-element_type=\"section\">\n\t\t\t\t\t\t<div class=\"elementor-container elementor-column-gap-default\">\n\t\t\t\t\t<div class=\"elementor-column elementor-col-50 elementor-inner-column elementor-element elementor-element-487193b\" data-id=\"487193b\" data-element_type=\"column\">\n\t\t\t<div class=\"elementor-widget-wrap\">\n\t\t\t\t\t\t\t\t\t<\/div>\n\t\t<\/div>\n\t\t\t\t<div class=\"elementor-column elementor-col-50 elementor-inner-column elementor-element elementor-element-bb8d236\" data-id=\"bb8d236\" data-element_type=\"column\">\n\t\t\t<div class=\"elementor-widget-wrap\">\n\t\t\t\t\t\t\t\t\t<\/div>\n\t\t<\/div>\n\t\t\t\t\t\t\t<\/div>\n\t\t<\/section>\n\t\t\t\t\t<\/div>\n\t\t<\/div>\n\t\t\t\t\t\t\t<\/div>\n\t\t<\/section>\n\t\t\t\t\t\t<\/div>\n\t\t\t\t\t<\/div>\n\t\t","protected":false},"excerpt":{"rendered":"<p>Mon parcours Architecte d.p.l.g. form\u00e9e \u00e0 l&#8217;Ecole d&#8217;Architecture de Lyon, j&#8217;ai \u00e9t\u00e9\u00a0 dipl\u00f4m\u00e9e en 2005. J&#8217;ai d\u00e9velopp\u00e9 depuis, d&#8217;importants projets de logements ou d\u2019\u00e9quipements publics. (d\u00e9molition,\u00a0neuf,\u00a0extension, r\u00e9habilitation lourde ou l\u00e9g\u00e8re). Mon engagement s\u2019inscrit dans une d\u00e9marche environnementale soucieuse de concevoir des b\u00e2timents \u00e0 faible empreinte \u00e9nerg\u00e9tique. Certaines r\u00e9alisations ont obtenu des prix. Parmi ces op\u00e9rations, &hellip;<\/p>\n<p class=\"read-more\"> <a class=\"\" href=\"https:\/\/atelier349.com\/?page_id=15\"> <span class=\"screen-reader-text\">Parcours<\/span> Read More &raquo;<\/a><\/p>\n","protected":false},"author":1,"featured_media":0,"parent":0,"menu_order":0,"comment_status":"closed","ping_status":"closed","template":"","meta":{"om_disable_all_campaigns":false,"_monsterinsights_skip_tracking":false,"_monsterinsights_sitenote_active":false,"_monsterinsights_sitenote_note":"","_monsterinsights_sitenote_category":0,"site-sidebar-layout":"no-sidebar","site-content-layout":"page-builder","ast-main-header-display":"","ast-hfb-above-header-display":"","ast-hfb-below-header-display":"","ast-hfb-mobile-header-display":"","site-post-title":"disabled","ast-breadcrumbs-content":"","ast-featured-img":"disabled","footer-sml-layout":"","theme-transparent-header-meta":"enabled","adv-header-id-meta":"","stick-header-meta":"","header-above-stick-meta":"","header-main-stick-meta":"","header-below-stick-meta":"","footnotes":""},"class_list":["post-15","page","type-page","status-publish","hentry"],"_links":{"self":[{"href":"https:\/\/atelier349.com\/index.php?rest_route=\/wp\/v2\/pages\/15","targetHints":{"allow":["GET"]}}],"collection":[{"href":"https:\/\/atelier349.com\/index.php?rest_route=\/wp\/v2\/pages"}],"about":[{"href":"https:\/\/atelier349.com\/index.php?rest_route=\/wp\/v2\/types\/page"}],"author":[{"embeddable":true,"href":"https:\/\/atelier349.com\/index.php?rest_route=\/wp\/v2\/users\/1"}],"replies":[{"embeddable":true,"href":"https:\/\/atelier349.com\/index.php?rest_route=%2Fwp%2Fv2%2Fcomments&post=15"}],"version-history":[{"count":65,"href":"https:\/\/atelier349.com\/index.php?rest_route=\/wp\/v2\/pages\/15\/revisions"}],"predecessor-version":[{"id":1600,"href":"https:\/\/atelier349.com\/index.php?rest_route=\/wp\/v2\/pages\/15\/revisions\/1600"}],"wp:attachment":[{"href":"https:\/\/atelier349.com\/index.php?rest_route=%2Fwp%2Fv2%2Fmedia&parent=15"}],"curies":[{"name":"wp","href":"https:\/\/api.w.org\/{rel}","templated":true}]}}